{"id":1156,"date":"2025-11-24T17:13:54","date_gmt":"2025-11-24T16:13:54","guid":{"rendered":"https:\/\/akademiarozwojukadry.adamdziechcinski.pl\/?page_id=1156"},"modified":"2026-02-27T20:10:30","modified_gmt":"2026-02-27T19:10:30","slug":"kontakt","status":"publish","type":"page","link":"https:\/\/akademiarozwojukadry.adamdziechcinski.pl\/?page_id=1156","title":{"rendered":"Kontakt"},"content":{"rendered":"\t\t<div data-elementor-type=\"wp-page\" data-elementor-id=\"1156\" class=\"elementor elementor-1156\" data-elementor-post-type=\"page\">\n\t\t\t\t<div data-particle_enable=\"false\" data-particle-mobile-disabled=\"false\" class=\"elementor-element elementor-element-a920be6 e-flex e-con-boxed e-con e-parent\" data-id=\"a920be6\" data-element_type=\"container\" data-e-type=\"container\">\n\t\t\t\t\t<div class=\"e-con-inner\">\n\t\t\t\t<div class=\"elementor-element elementor-element-b96fcbd elementor-widget__width-inherit elementor-invisible elementor-widget elementor-widget-heading\" data-id=\"b96fcbd\" data-element_type=\"widget\" data-e-type=\"widget\" data-settings=\"{&quot;_animation&quot;:&quot;fadeInUp&quot;}\" data-widget_type=\"heading.default\">\n\t\t\t\t\t<h2 class=\"elementor-heading-title elementor-size-default\">Kontakt<\/h2>\t\t\t\t<\/div>\n\t\t\t\t<div class=\"elementor-element elementor-element-b0417f4 elementor-icon-list--layout-inline elementor-align-center elementor-widget__width-inherit elementor-list-item-link-full_width elementor-invisible elementor-widget elementor-widget-icon-list\" data-id=\"b0417f4\" data-element_type=\"widget\" data-e-type=\"widget\" data-settings=\"{&quot;_animation&quot;:&quot;fadeInUp&quot;,&quot;_animation_delay&quot;:200}\" data-widget_type=\"icon-list.default\">\n\t\t\t\t\t\t\t<ul class=\"elementor-icon-list-items elementor-inline-items\">\n\t\t\t\t\t\t\t<li class=\"elementor-icon-list-item elementor-inline-item\">\n\t\t\t\t\t\t\t\t\t\t\t<a href=\"#\">\n\n\t\t\t\t\t\t\t\t\t\t\t<span class=\"elementor-icon-list-text\">Strona g\u0142\u00f3wna<\/span>\n\t\t\t\t\t\t\t\t\t\t\t<\/a>\n\t\t\t\t\t\t\t\t\t<\/li>\n\t\t\t\t\t\t\t\t<li class=\"elementor-icon-list-item elementor-inline-item\">\n\t\t\t\t\t\t\t\t\t\t\t<span class=\"elementor-icon-list-icon\">\n\t\t\t\t\t\t\t<i aria-hidden=\"true\" class=\"icon icon-right-arrow\"><\/i>\t\t\t\t\t\t<\/span>\n\t\t\t\t\t\t\t\t\t\t<span class=\"elementor-icon-list-text\">Kontakt<\/span>\n\t\t\t\t\t\t\t\t\t<\/li>\n\t\t\t\t\t\t<\/ul>\n\t\t\t\t\t\t<\/div>\n\t\t\t\t\t<\/div>\n\t\t\t\t<\/div>\n\t\t<div data-particle_enable=\"false\" data-particle-mobile-disabled=\"false\" class=\"elementor-element elementor-element-7c65ec9 e-flex e-con-boxed e-con e-parent\" data-id=\"7c65ec9\" data-element_type=\"container\" data-e-type=\"container\">\n\t\t\t\t\t<div class=\"e-con-inner\">\n\t\t<div data-particle_enable=\"false\" data-particle-mobile-disabled=\"false\" class=\"elementor-element elementor-element-9a3afb0 e-con-full e-flex elementor-invisible e-con e-child\" data-id=\"9a3afb0\" data-element_type=\"container\" data-e-type=\"container\" data-settings=\"{&quot;background_background&quot;:&quot;classic&quot;,&quot;animation&quot;:&quot;fadeIn&quot;}\">\n\t\t\t\t<div class=\"elementor-element elementor-element-6c53ed1 elementor-invisible elementor-widget elementor-widget-heading\" data-id=\"6c53ed1\" data-element_type=\"widget\" data-e-type=\"widget\" data-settings=\"{&quot;_animation&quot;:&quot;fadeInUp&quot;}\" data-widget_type=\"heading.default\">\n\t\t\t\t\t<h3 class=\"elementor-heading-title elementor-size-default\">Um\u00f3w bezp\u0142atny audyt potrzeb szkoleniowych<\/h3>\t\t\t\t<\/div>\n\t\t\t\t<div class=\"elementor-element elementor-element-e80e523 elementor-invisible elementor-widget elementor-widget-text-editor\" data-id=\"e80e523\" data-element_type=\"widget\" data-e-type=\"widget\" data-settings=\"{&quot;_animation&quot;:&quot;fadeInUp&quot;,&quot;_animation_delay&quot;:200}\" data-widget_type=\"text-editor.default\">\n\t\t\t\t\t\t\t\t\t<p data-start=\"588\" data-end=\"676\">W 20 minut om\u00f3wimy wyzwania Twojej organizacji i zaproponujemy kierunek rozwoju zespo\u0142u.<\/p>\t\t\t\t\t\t\t\t<\/div>\n\t\t\t\t<div class=\"elementor-element elementor-element-f8a08ef elementor-widget elementor-widget-wpforms\" data-id=\"f8a08ef\" data-element_type=\"widget\" data-e-type=\"widget\" data-widget_type=\"wpforms.default\">\n\t\t\t\t<div class=\"elementor-widget-container\">\n\t\t\t\t\t<style id=\"wpforms-css-vars-elementor-widget-f8a08ef\">\n\t\t\t\t.elementor-widget-wpforms.elementor-element-f8a08ef {\n\t\t\t\t--wpforms-field-background-color: #FFFFFF00;\n--wpforms-field-border-color: #cccccc;\n--wpforms-field-border-color-spare: #cccccc;\n--wpforms-field-text-color: #000000;\n--wpforms-label-color: #000000;\n--wpforms-label-sublabel-color: #000000;\n--wpforms-label-error-color: #ff0000;\n--wpforms-button-border-style: solid;\n--wpforms-button-background-color: #D4E9EF;\n--wpforms-button-border-color: #CCCCCC00;\n--wpforms-button-text-color: #005064;\n--wpforms-background-color: #00000000;\n--wpforms-page-break-color: #DDDDDD00;\n--wpforms-label-size-font-size: 14px;\n--wpforms-label-size-line-height: 17px;\n--wpforms-label-size-sublabel-font-size: 13px;\n--wpforms-label-size-sublabel-line-height: 16px;\n\t\t\t}\n\t\t\t<\/style><div class=\"wpforms-container wpforms-container-full wpforms-render-modern\" id=\"wpforms-1022\"><form id=\"wpforms-form-1022\" class=\"wpforms-validate wpforms-form wpforms-ajax-form\" data-formid=\"1022\" method=\"post\" enctype=\"multipart\/form-data\" action=\"\/index.php?rest_route=%2Fwp%2Fv2%2Fpages%2F1156\" data-token=\"410dc622216812a24ae1c47674c1f52e\" data-token-time=\"1776445148\"><noscript class=\"wpforms-error-noscript\">Aby wype\u0142ni\u0107 ten formularz, w\u0142\u0105cz obs\u0142ug\u0119 JavaScript w przegl\u0105darce.<\/noscript><div id=\"wpforms-error-noscript\" style=\"display: none;\">Aby wype\u0142ni\u0107 ten formularz, w\u0142\u0105cz obs\u0142ug\u0119 JavaScript w przegl\u0105darce.<\/div><div class=\"wpforms-field-container\">\t\t<div id=\"wpforms-1022-field_3-container\"\n\t\t\tclass=\"wpforms-field wpforms-field-text\"\n\t\t\tdata-field-type=\"text\"\n\t\t\tdata-field-id=\"3\"\n\t\t\t>\n\t\t\t<label class=\"wpforms-field-label\" for=\"wpforms-1022-field_3\" >kr\u00f3tko Nazwa telefonu<\/label>\n\t\t\t<input type=\"text\" id=\"wpforms-1022-field_3\" class=\"wpforms-field-medium\" name=\"wpforms[fields][3]\" >\n\t\t<\/div>\n\t\t<div id=\"wpforms-1022-field_1-container\" class=\"wpforms-field wpforms-field-layout\" data-field-id=\"1\"><div class=\"wpforms-field-layout-rows wpforms-field-large\"><div class=\"wpforms-layout-row\"><div class=\"wpforms-layout-column wpforms-layout-column-100\"><div id=\"wpforms-1022-field_2-container\" class=\"wpforms-field wpforms-field-name\" data-field-id=\"2\"><label class=\"wpforms-field-label wpforms-label-hide\" for=\"wpforms-1022-field_2\" aria-hidden=\"false\">Imi\u0119 i nazwisko <span class=\"wpforms-required-label\" aria-hidden=\"true\">*<\/span><\/label><input type=\"text\" id=\"wpforms-1022-field_2\" class=\"wpforms-field-medium wpforms-field-required\" name=\"wpforms[fields][2]\" placeholder=\"Imi\u0119 i nazwisko\" aria-errormessage=\"wpforms-1022-field_2-error\" required><\/div><\/div><\/div><div class=\"wpforms-layout-row\"><div class=\"wpforms-layout-column wpforms-layout-column-100\"><div id=\"wpforms-1022-field_13-container\" class=\"wpforms-field wpforms-field-email\" data-field-id=\"13\"><fieldset><legend class=\"wpforms-field-label wpforms-label-hide\" aria-hidden=\"false\">Adres e-mail <span class=\"wpforms-required-label\" aria-hidden=\"true\">*<\/span><\/legend><div class=\"wpforms-field-row wpforms-field-medium\"><div class=\"wpforms-field-row-block wpforms-one-half wpforms-first\"><input type=\"email\" id=\"wpforms-1022-field_13\" class=\"wpforms-field-required wpforms-field-email-primary\" name=\"wpforms[fields][13][primary]\" placeholder=\"Adres e-mail\" spellcheck=\"false\" aria-errormessage=\"wpforms-1022-field_13-error\" required><label for=\"wpforms-1022-field_13\" class=\"wpforms-field-sublabel after wpforms-sublabel-hide\">Adres e-mail<\/label><\/div><div class=\"wpforms-field-row-block wpforms-one-half\"><input type=\"email\" id=\"wpforms-1022-field_13-secondary\" class=\"wpforms-field-email-secondary wpforms-field-required\" data-rule-confirm=\"#wpforms-1022-field_13\" name=\"wpforms[fields][13][secondary]\" placeholder=\"Potwierd\u017a adres e-mail\" spellcheck=\"false\" aria-errormessage=\"wpforms-1022-field_13-secondary-error\" required><label for=\"wpforms-1022-field_13-secondary\" class=\"wpforms-field-sublabel after wpforms-sublabel-hide\">Potwierd\u017a adres e-mail<\/label><\/div><\/div><\/fieldset><\/div><\/div><\/div><div class=\"wpforms-layout-row\"><div class=\"wpforms-layout-column wpforms-layout-column-100\"><div id=\"wpforms-1022-field_12-container\" class=\"wpforms-field wpforms-field-phone\" data-field-id=\"12\"><label class=\"wpforms-field-label wpforms-label-hide\" for=\"wpforms-1022-field_12\" aria-hidden=\"false\">Numer telefonu <span class=\"wpforms-required-label\" aria-hidden=\"true\">*<\/span><\/label><input type=\"tel\" id=\"wpforms-1022-field_12\" class=\"wpforms-field-medium wpforms-field-required wpforms-smart-phone-field\" data-rule-smart-phone-field=\"true\" name=\"wpforms[fields][12]\" placeholder=\"Numer telefonu\" aria-label=\"Numer telefonu\" aria-errormessage=\"wpforms-1022-field_12-error\" required><\/div><\/div><\/div><div class=\"wpforms-layout-row\"><div class=\"wpforms-layout-column wpforms-layout-column-100\"><div id=\"wpforms-1022-field_14-container\" class=\"wpforms-field wpforms-field-name\" data-field-id=\"14\"><label class=\"wpforms-field-label wpforms-label-hide\" for=\"wpforms-1022-field_14\" aria-hidden=\"false\">Nazwa firmy <span class=\"wpforms-required-label\" aria-hidden=\"true\">*<\/span><\/label><input type=\"text\" id=\"wpforms-1022-field_14\" class=\"wpforms-field-medium wpforms-field-required\" name=\"wpforms[fields][14]\" placeholder=\"Nazwa firmy\" aria-errormessage=\"wpforms-1022-field_14-error\" required><\/div><\/div><\/div><div class=\"wpforms-layout-row\"><div class=\"wpforms-layout-column wpforms-layout-column-100\"><div id=\"wpforms-1022-field_15-container\" class=\"wpforms-field wpforms-field-number\" data-field-id=\"15\"><label class=\"wpforms-field-label wpforms-label-hide\" for=\"wpforms-1022-field_15\" aria-hidden=\"false\">Liczba pracownik\u00f3w \/ wielko\u015b\u0107 zespo\u0142u<\/label><input type=\"number\" id=\"wpforms-1022-field_15\" class=\"wpforms-field-medium\" name=\"wpforms[fields][15]\" placeholder=\"Liczba pracownik\u00f3w \/ wielko\u015b\u0107 zespo\u0142u\" step=\"any\" aria-errormessage=\"wpforms-1022-field_15-error\" ><\/div><\/div><\/div><div class=\"wpforms-layout-row\"><div class=\"wpforms-layout-column wpforms-layout-column-100\"><div id=\"wpforms-1022-field_5-container\" class=\"wpforms-field wpforms-field-radio\" data-field-id=\"5\"><fieldset><legend class=\"wpforms-field-label\">Jakiego obszaru dotyczy szkolenie? <span class=\"wpforms-required-label\" aria-hidden=\"true\">*<\/span><\/legend><ul id=\"wpforms-1022-field_5\" class=\"wpforms-field-required\"><li class=\"choice-2 depth-1\"><input type=\"radio\" id=\"wpforms-1022-field_5_2\" name=\"wpforms[fields][5]\" value=\"Kompetencje mened\u017cerskie\" aria-errormessage=\"wpforms-1022-field_5_2-error\" required ><label class=\"wpforms-field-label-inline\" for=\"wpforms-1022-field_5_2\">Kompetencje mened\u017cerskie<\/label><\/li><li class=\"choice-3 depth-1\"><input type=\"radio\" id=\"wpforms-1022-field_5_3\" name=\"wpforms[fields][5]\" value=\"Komunikacja\" aria-errormessage=\"wpforms-1022-field_5_3-error\" required ><label class=\"wpforms-field-label-inline\" for=\"wpforms-1022-field_5_3\">Komunikacja<\/label><\/li><li class=\"choice-4 depth-1\"><input type=\"radio\" id=\"wpforms-1022-field_5_4\" name=\"wpforms[fields][5]\" value=\"Sprzeda\u017c\" aria-errormessage=\"wpforms-1022-field_5_4-error\" required ><label class=\"wpforms-field-label-inline\" for=\"wpforms-1022-field_5_4\">Sprzeda\u017c<\/label><\/li><li class=\"choice-5 depth-1\"><input type=\"radio\" id=\"wpforms-1022-field_5_5\" name=\"wpforms[fields][5]\" value=\"HR\" aria-errormessage=\"wpforms-1022-field_5_5-error\" required ><label class=\"wpforms-field-label-inline\" for=\"wpforms-1022-field_5_5\">HR<\/label><\/li><li class=\"choice-6 depth-1\"><input type=\"radio\" id=\"wpforms-1022-field_5_6\" name=\"wpforms[fields][5]\" value=\"Przyw\u00f3dztwo\" aria-errormessage=\"wpforms-1022-field_5_6-error\" required ><label class=\"wpforms-field-label-inline\" for=\"wpforms-1022-field_5_6\">Przyw\u00f3dztwo<\/label><\/li><li class=\"choice-7 depth-1\"><input type=\"radio\" id=\"wpforms-1022-field_5_7\" name=\"wpforms[fields][5]\" value=\"Inne\" aria-errormessage=\"wpforms-1022-field_5_7-error\" required ><label class=\"wpforms-field-label-inline\" for=\"wpforms-1022-field_5_7\">Inne<\/label><\/li><\/ul><\/fieldset><\/div><\/div><\/div><div class=\"wpforms-layout-row\"><div class=\"wpforms-layout-column wpforms-layout-column-100\"><div id=\"wpforms-1022-field_7-container\" class=\"wpforms-field wpforms-field-textarea\" data-field-id=\"7\"><label class=\"wpforms-field-label wpforms-label-hide\" for=\"wpforms-1022-field_7\" aria-hidden=\"false\">Opisz kr\u00f3tko potrzeby swojej organizacji <span class=\"wpforms-required-label\" aria-hidden=\"true\">*<\/span><\/label><textarea id=\"wpforms-1022-field_7\" class=\"wpforms-field-medium wpforms-field-required wpforms-limit-characters-enabled\" data-form-id=\"1022\" data-field-id=\"7\" data-text-limit=\"500\" name=\"wpforms[fields][7]\" placeholder=\"Opisz kr\u00f3tko potrzeby swojej organizacji\" aria-errormessage=\"wpforms-1022-field_7-error\" maxlength=\"500\" required><\/textarea><\/div><\/div><\/div><\/div><\/div><script>\n\t\t\t\t( function() {\n\t\t\t\t\tconst style = document.createElement( 'style' );\n\t\t\t\t\tstyle.appendChild( document.createTextNode( '#wpforms-1022-field_3-container { position: absolute !important; overflow: hidden !important; display: inline !important; height: 1px !important; width: 1px !important; z-index: -1000 !important; padding: 0 !important; } #wpforms-1022-field_3-container input { visibility: hidden; } #wpforms-conversational-form-page #wpforms-1022-field_3-container label { counter-increment: none; }' ) );\n\t\t\t\t\tdocument.head.appendChild( style );\n\t\t\t\t\tdocument.currentScript?.remove();\n\t\t\t\t} )();\n\t\t\t<\/script><\/div><!-- .wpforms-field-container --><div class=\"wpforms-submit-container\" ><input type=\"hidden\" name=\"wpforms[id]\" value=\"1022\"><input type=\"hidden\" name=\"page_title\" value=\"\"><input type=\"hidden\" name=\"page_url\" value=\"https:\/\/akademiarozwojukadry.adamdziechcinski.pl\/index.php?rest_route=\/wp\/v2\/pages\/1156\"><input type=\"hidden\" name=\"url_referer\" value=\"\"><button type=\"submit\" name=\"wpforms[submit]\" id=\"wpforms-submit-1022\" class=\"wpforms-submit\" data-alt-text=\"Wysy\u0142anie...\" data-submit-text=\"Wy\u015blij\" aria-live=\"assertive\" value=\"wpforms-submit\">Wy\u015blij<\/button><img decoding=\"async\" src=\"https:\/\/akademiarozwojukadry.adamdziechcinski.pl\/wp-content\/plugins\/wpforms\/assets\/images\/submit-spin.svg\" class=\"wpforms-submit-spinner\" style=\"display: none;\" width=\"26\" height=\"26\" alt=\"Wczytywanie\"><\/div><\/form><\/div>  <!-- .wpforms-container -->\t\t\t\t<\/div>\n\t\t\t\t<\/div>\n\t\t\t\t<div class=\"elementor-element elementor-element-4523e2a elementor-widget__width-inherit elementor-widget elementor-widget-text-editor\" data-id=\"4523e2a\" data-element_type=\"widget\" data-e-type=\"widget\" data-widget_type=\"text-editor.default\">\n\t\t\t\t\t\t\t\t\t<p>Oddzwonimy w ci\u0105gu 24 godzin roboczych.<br data-start=\"1424\" data-end=\"1427\" \/>Twoje dane s\u0105 bezpieczne i nie b\u0119d\u0105 udost\u0119pniane osobom trzecim.<\/p>\t\t\t\t\t\t\t\t<\/div>\n\t\t\t\t<\/div>\n\t\t\t\t\t<\/div>\n\t\t\t\t<\/div>\n\t\t<div data-particle_enable=\"false\" data-particle-mobile-disabled=\"false\" class=\"elementor-element elementor-element-756953a e-grid e-con-boxed e-con e-parent\" data-id=\"756953a\" data-element_type=\"container\" data-e-type=\"container\">\n\t\t\t\t\t<div class=\"e-con-inner\">\n\t\t<div data-particle_enable=\"false\" data-particle-mobile-disabled=\"false\" class=\"elementor-element elementor-element-51492aa e-con-full e-flex elementor-invisible e-con e-child\" data-id=\"51492aa\" data-element_type=\"container\" data-e-type=\"container\" data-settings=\"{&quot;background_background&quot;:&quot;classic&quot;,&quot;animation&quot;:&quot;fadeInUp&quot;}\">\n\t\t<div data-particle_enable=\"false\" data-particle-mobile-disabled=\"false\" class=\"elementor-element elementor-element-06de064 e-con-full e-flex e-con e-child\" data-id=\"06de064\" data-element_type=\"container\" data-e-type=\"container\">\n\t\t\t\t<div class=\"elementor-element elementor-element-8ddcdbb elementor-view-stacked elementor-shape-square elementor-widget elementor-widget-icon\" data-id=\"8ddcdbb\" data-element_type=\"widget\" data-e-type=\"widget\" data-widget_type=\"icon.default\">\n\t\t\t\t\t\t\t<div class=\"elementor-icon-wrapper\">\n\t\t\t<div class=\"elementor-icon\">\n\t\t\t<i aria-hidden=\"true\" class=\"icon icon-map-marker1\"><\/i>\t\t\t<\/div>\n\t\t<\/div>\n\t\t\t\t\t\t<\/div>\n\t\t\t\t<div class=\"elementor-element elementor-element-9d30662 elementor-widget elementor-widget-heading\" data-id=\"9d30662\" data-element_type=\"widget\" data-e-type=\"widget\" data-widget_type=\"heading.default\">\n\t\t\t\t\t<p class=\"elementor-heading-title elementor-size-default\">Biuro Akademii Rozwoju Kadry<\/p>\t\t\t\t<\/div>\n\t\t\t\t<div class=\"elementor-element elementor-element-d9f9a99 elementor-widget elementor-widget-text-editor\" data-id=\"d9f9a99\" data-element_type=\"widget\" data-e-type=\"widget\" data-widget_type=\"text-editor.default\">\n\t\t\t\t\t\t\t\t\t<div class=\"address-column\"><address><p>Dzia\u0142amy na terenie ca\u0142ej Polski<\/p><p>Szkolenia realizujemy stacjonarnie oraz online.<\/p><p>NIP xxxxxxxx<\/p><p>Regon xxxxxxxxxx<\/p><\/address><\/div><div class=\"help_line-social_media-column\"><div class=\"help-line\">\u00a0<\/div><\/div>\t\t\t\t\t\t\t\t<\/div>\n\t\t\t\t<\/div>\n\t\t\t\t<\/div>\n\t\t<div data-particle_enable=\"false\" data-particle-mobile-disabled=\"false\" class=\"elementor-element elementor-element-1e042cc e-flex e-con-boxed elementor-invisible e-con e-child\" data-id=\"1e042cc\" data-element_type=\"container\" data-e-type=\"container\" data-settings=\"{&quot;background_background&quot;:&quot;classic&quot;,&quot;animation&quot;:&quot;fadeInUp&quot;,&quot;animation_delay&quot;:200}\">\n\t\t\t\t\t<div class=\"e-con-inner\">\n\t\t<div data-particle_enable=\"false\" data-particle-mobile-disabled=\"false\" class=\"elementor-element elementor-element-dfe100c e-con-full e-flex e-con e-child\" data-id=\"dfe100c\" data-element_type=\"container\" data-e-type=\"container\">\n\t\t\t\t<div class=\"elementor-element elementor-element-c5cf140 elementor-view-stacked elementor-shape-square elementor-widget elementor-widget-icon\" data-id=\"c5cf140\" data-element_type=\"widget\" data-e-type=\"widget\" data-widget_type=\"icon.default\">\n\t\t\t\t\t\t\t<div class=\"elementor-icon-wrapper\">\n\t\t\t<div class=\"elementor-icon\">\n\t\t\t<i aria-hidden=\"true\" class=\"icon icon-envelope2\"><\/i>\t\t\t<\/div>\n\t\t<\/div>\n\t\t\t\t\t\t<\/div>\n\t\t\t\t<div class=\"elementor-element elementor-element-10e7aa1 elementor-widget elementor-widget-heading\" data-id=\"10e7aa1\" data-element_type=\"widget\" data-e-type=\"widget\" data-widget_type=\"heading.default\">\n\t\t\t\t\t<p class=\"elementor-heading-title elementor-size-default\">Email Us<\/p>\t\t\t\t<\/div>\n\t\t\t\t<div class=\"elementor-element elementor-element-1d8e699 elementor-widget elementor-widget-text-editor\" data-id=\"1d8e699\" data-element_type=\"widget\" data-e-type=\"widget\" data-widget_type=\"text-editor.default\">\n\t\t\t\t\t\t\t\t\t<p>Odpiszemy w ci\u0105gu 24 godzin roboczych.<\/p>\t\t\t\t\t\t\t\t<\/div>\n\t\t\t\t<div class=\"elementor-element elementor-element-977acb3 elementor-widget elementor-widget-button\" data-id=\"977acb3\" data-element_type=\"widget\" data-e-type=\"widget\" data-widget_type=\"button.default\">\n\t\t\t\t\t\t\t\t\t\t<a class=\"elementor-button elementor-button-link elementor-size-sm\" href=\"mailto:kontakt@akademiaszkoleniakadry.pl\">\n\t\t\t\t\t\t<span class=\"elementor-button-content-wrapper\">\n\t\t\t\t\t\t\t\t\t<span class=\"elementor-button-text\">kontakt@akademiarozwojukadry.pl<\/span>\n\t\t\t\t\t<\/span>\n\t\t\t\t\t<\/a>\n\t\t\t\t\t\t\t\t<\/div>\n\t\t\t\t<\/div>\n\t\t\t\t\t<\/div>\n\t\t\t\t<\/div>\n\t\t<div data-particle_enable=\"false\" data-particle-mobile-disabled=\"false\" class=\"elementor-element elementor-element-13c0b33 e-flex e-con-boxed elementor-invisible e-con e-child\" data-id=\"13c0b33\" data-element_type=\"container\" data-e-type=\"container\" data-settings=\"{&quot;background_background&quot;:&quot;classic&quot;,&quot;animation&quot;:&quot;fadeInUp&quot;,&quot;animation_delay&quot;:400}\">\n\t\t\t\t\t<div class=\"e-con-inner\">\n\t\t<div data-particle_enable=\"false\" data-particle-mobile-disabled=\"false\" class=\"elementor-element elementor-element-09d0611 e-con-full e-flex e-con e-child\" data-id=\"09d0611\" data-element_type=\"container\" data-e-type=\"container\">\n\t\t\t\t<div class=\"elementor-element elementor-element-08f0542 elementor-view-stacked elementor-shape-square elementor-widget elementor-widget-icon\" data-id=\"08f0542\" data-element_type=\"widget\" data-e-type=\"widget\" data-widget_type=\"icon.default\">\n\t\t\t\t\t\t\t<div class=\"elementor-icon-wrapper\">\n\t\t\t<div class=\"elementor-icon\">\n\t\t\t<i aria-hidden=\"true\" class=\"icon icon-phone-handset\"><\/i>\t\t\t<\/div>\n\t\t<\/div>\n\t\t\t\t\t\t<\/div>\n\t\t\t\t<div class=\"elementor-element elementor-element-1281042 elementor-widget elementor-widget-heading\" data-id=\"1281042\" data-element_type=\"widget\" data-e-type=\"widget\" data-widget_type=\"heading.default\">\n\t\t\t\t\t<p class=\"elementor-heading-title elementor-size-default\">Telefon<\/p>\t\t\t\t<\/div>\n\t\t\t\t<div class=\"elementor-element elementor-element-507d089 elementor-widget elementor-widget-text-editor\" data-id=\"507d089\" data-element_type=\"widget\" data-e-type=\"widget\" data-widget_type=\"text-editor.default\">\n\t\t\t\t\t\t\t\t\t<p>Porozmawiajmy o potrzebach Twojej organizacji<\/p>\t\t\t\t\t\t\t\t<\/div>\n\t\t\t\t<div class=\"elementor-element elementor-element-1d0adeb elementor-widget elementor-widget-button\" data-id=\"1d0adeb\" data-element_type=\"widget\" data-e-type=\"widget\" data-widget_type=\"button.default\">\n\t\t\t\t\t\t\t\t\t\t<a class=\"elementor-button elementor-button-link elementor-size-sm\" href=\"tel:+48%20000%20000%20000\">\n\t\t\t\t\t\t<span class=\"elementor-button-content-wrapper\">\n\t\t\t\t\t\t\t\t\t<span class=\"elementor-button-text\">+48 000 000 000<\/span>\n\t\t\t\t\t<\/span>\n\t\t\t\t\t<\/a>\n\t\t\t\t\t\t\t\t<\/div>\n\t\t\t\t<\/div>\n\t\t\t\t\t<\/div>\n\t\t\t\t<\/div>\n\t\t\t\t\t<\/div>\n\t\t\t\t<\/div>\n\t\t\t\t<\/div>\n\t\t","protected":false},"excerpt":{"rendered":"<p>Kontakt Strona g\u0142\u00f3wna Kontakt Um\u00f3w bezp\u0142atny audyt potrzeb szkoleniowych W 20 minut om\u00f3wimy wyzwania Twojej organizacji i zaproponujemy kierunek rozwoju [&hellip;]<\/p>\n","protected":false},"author":1,"featured_media":0,"parent":0,"menu_order":0,"comment_status":"closed","ping_status":"closed","template":"","meta":{"site-sidebar-layout":"no-sidebar","site-content-layout":"","ast-site-content-layout":"full-width-container","site-content-style":"default","site-sidebar-style":"default","ast-global-header-display":"","ast-banner-title-visibility":"","ast-main-header-display":"","ast-hfb-above-header-display":"","ast-hfb-below-header-display":"","ast-hfb-mobile-header-display":"","site-post-title":"disabled","ast-breadcrumbs-content":"","ast-featured-img":"disabled","footer-sml-layout":"","theme-transparent-header-meta":"","adv-header-id-meta":"","stick-header-meta":"","header-above-stick-meta":"","header-main-stick-meta":"","header-below-stick-meta":"","astra-migrate-meta-layouts":"default","ast-page-background-enabled":"default","ast-page-background-meta":{"desktop":{"background-color":"var(--ast-global-color-5)","background-image":"","background-repeat":"repeat","background-position":"center center","background-size":"auto","background-attachment":"scroll","background-type":"","background-media":"","overlay-type":"","overlay-color":"","overlay-opacity":"","overlay-gradient":""},"tablet":{"background-color":"","background-image":"","background-repeat":"repeat","background-position":"center center","background-size":"auto","background-attachment":"scroll","background-type":"","background-media":"","overlay-type":"","overlay-color":"","overlay-opacity":"","overlay-gradient":""},"mobile":{"background-color":"","background-image":"","background-repeat":"repeat","background-position":"center center","background-size":"auto","background-attachment":"scroll","background-type":"","background-media":"","overlay-type":"","overlay-color":"","overlay-opacity":"","overlay-gradient":""}},"ast-content-background-meta":{"desktop":{"background-color":"var(--ast-global-color-4)","background-image":"","background-repeat":"repeat","background-position":"center center","background-size":"auto","background-attachment":"scroll","background-type":"","background-media":"","overlay-type":"","overlay-color":"","overlay-opacity":"","overlay-gradient":""},"tablet":{"background-color":"var(--ast-global-color-4)","background-image":"","background-repeat":"repeat","background-position":"center center","background-size":"auto","background-attachment":"scroll","background-type":"","background-media":"","overlay-type":"","overlay-color":"","overlay-opacity":"","overlay-gradient":""},"mobile":{"background-color":"var(--ast-global-color-4)","background-image":"","background-repeat":"repeat","background-position":"center center","background-size":"auto","background-attachment":"scroll","background-type":"","background-media":"","overlay-type":"","overlay-color":"","overlay-opacity":"","overlay-gradient":""}},"footnotes":""},"class_list":["post-1156","page","type-page","status-publish","hentry"],"_links":{"self":[{"href":"https:\/\/akademiarozwojukadry.adamdziechcinski.pl\/index.php?rest_route=\/wp\/v2\/pages\/1156","targetHints":{"allow":["GET"]}}],"collection":[{"href":"https:\/\/akademiarozwojukadry.adamdziechcinski.pl\/index.php?rest_route=\/wp\/v2\/pages"}],"about":[{"href":"https:\/\/akademiarozwojukadry.adamdziechcinski.pl\/index.php?rest_route=\/wp\/v2\/types\/page"}],"author":[{"embeddable":true,"href":"https:\/\/akademiarozwojukadry.adamdziechcinski.pl\/index.php?rest_route=\/wp\/v2\/users\/1"}],"replies":[{"embeddable":true,"href":"https:\/\/akademiarozwojukadry.adamdziechcinski.pl\/index.php?rest_route=%2Fwp%2Fv2%2Fcomments&post=1156"}],"version-history":[{"count":5,"href":"https:\/\/akademiarozwojukadry.adamdziechcinski.pl\/index.php?rest_route=\/wp\/v2\/pages\/1156\/revisions"}],"predecessor-version":[{"id":2727,"href":"https:\/\/akademiarozwojukadry.adamdziechcinski.pl\/index.php?rest_route=\/wp\/v2\/pages\/1156\/revisions\/2727"}],"wp:attachment":[{"href":"https:\/\/akademiarozwojukadry.adamdziechcinski.pl\/index.php?rest_route=%2Fwp%2Fv2%2Fmedia&parent=1156"}],"curies":[{"name":"wp","href":"https:\/\/api.w.org\/{rel}","templated":true}]}}