{"id":1481,"date":"2025-12-18T16:42:07","date_gmt":"2025-12-18T15:42:07","guid":{"rendered":"https:\/\/akademiarozwojukadry.adamdziechcinski.pl\/?page_id=1481"},"modified":"2026-02-27T19:27:13","modified_gmt":"2026-02-27T18:27:13","slug":"faq","status":"publish","type":"page","link":"https:\/\/akademiarozwojukadry.adamdziechcinski.pl\/?page_id=1481","title":{"rendered":"Faq"},"content":{"rendered":"\t\t<div data-elementor-type=\"wp-page\" data-elementor-id=\"1481\" class=\"elementor elementor-1481\" data-elementor-post-type=\"page\">\n\t\t\t\t<div data-particle_enable=\"false\" data-particle-mobile-disabled=\"false\" class=\"elementor-element elementor-element-2018c6c e-flex e-con-boxed e-con e-parent\" data-id=\"2018c6c\" data-element_type=\"container\" data-e-type=\"container\">\n\t\t\t\t\t<div class=\"e-con-inner\">\n\t\t\t\t<div class=\"elementor-element elementor-element-01f825c elementor-widget__width-inherit elementor-invisible elementor-widget elementor-widget-heading\" data-id=\"01f825c\" data-element_type=\"widget\" data-e-type=\"widget\" data-settings=\"{&quot;_animation&quot;:&quot;fadeInUp&quot;}\" data-widget_type=\"heading.default\">\n\t\t\t\t\t<h2 class=\"elementor-heading-title elementor-size-default\">Faq<\/h2>\t\t\t\t<\/div>\n\t\t\t\t<div class=\"elementor-element elementor-element-07e38e4 elementor-icon-list--layout-inline elementor-align-center elementor-widget__width-inherit elementor-list-item-link-full_width elementor-invisible elementor-widget elementor-widget-icon-list\" data-id=\"07e38e4\" data-element_type=\"widget\" data-e-type=\"widget\" data-settings=\"{&quot;_animation&quot;:&quot;fadeInUp&quot;,&quot;_animation_delay&quot;:200}\" data-widget_type=\"icon-list.default\">\n\t\t\t\t\t\t\t<ul class=\"elementor-icon-list-items elementor-inline-items\">\n\t\t\t\t\t\t\t<li class=\"elementor-icon-list-item elementor-inline-item\">\n\t\t\t\t\t\t\t\t\t\t\t<a href=\"#\">\n\n\t\t\t\t\t\t\t\t\t\t\t<span class=\"elementor-icon-list-text\">Strona g\u0142\u00f3wna<\/span>\n\t\t\t\t\t\t\t\t\t\t\t<\/a>\n\t\t\t\t\t\t\t\t\t<\/li>\n\t\t\t\t\t\t\t\t<li class=\"elementor-icon-list-item elementor-inline-item\">\n\t\t\t\t\t\t\t\t\t\t\t<span class=\"elementor-icon-list-icon\">\n\t\t\t\t\t\t\t<i aria-hidden=\"true\" class=\"icon icon-right-arrow\"><\/i>\t\t\t\t\t\t<\/span>\n\t\t\t\t\t\t\t\t\t\t<span class=\"elementor-icon-list-text\">Faq<\/span>\n\t\t\t\t\t\t\t\t\t<\/li>\n\t\t\t\t\t\t<\/ul>\n\t\t\t\t\t\t<\/div>\n\t\t\t\t\t<\/div>\n\t\t\t\t<\/div>\n\t\t<div data-particle_enable=\"false\" data-particle-mobile-disabled=\"false\" class=\"elementor-element elementor-element-32985d1 e-flex e-con-boxed e-con e-parent\" data-id=\"32985d1\" data-element_type=\"container\" data-e-type=\"container\" data-settings=\"{&quot;background_background&quot;:&quot;classic&quot;}\">\n\t\t\t\t\t<div class=\"e-con-inner\">\n\t\t<div data-particle_enable=\"false\" data-particle-mobile-disabled=\"false\" class=\"elementor-element elementor-element-db828a2 e-con-full e-flex e-con e-child\" data-id=\"db828a2\" data-element_type=\"container\" data-e-type=\"container\">\n\t\t\t\t<div class=\"elementor-element elementor-element-ef62d20 elementor-widget__width-inherit elementor-invisible elementor-widget elementor-widget-text-editor\" data-id=\"ef62d20\" data-element_type=\"widget\" data-e-type=\"widget\" data-settings=\"{&quot;_animation&quot;:&quot;fadeInUp&quot;}\" data-widget_type=\"text-editor.default\">\n\t\t\t\t\t\t\t\t\t<p>FAQ<\/p>\t\t\t\t\t\t\t\t<\/div>\n\t\t\t\t<div class=\"elementor-element elementor-element-7fd6849 elementor-widget__width-inherit elementor-invisible elementor-widget elementor-widget-heading\" data-id=\"7fd6849\" data-element_type=\"widget\" data-e-type=\"widget\" data-settings=\"{&quot;_animation&quot;:&quot;fadeInUp&quot;,&quot;_animation_delay&quot;:200}\" data-widget_type=\"heading.default\">\n\t\t\t\t\t<h2 class=\"elementor-heading-title elementor-size-default\">Najcz\u0119\u015bciej zadawane pytania<\/h2>\t\t\t\t<\/div>\n\t\t\t\t<div class=\"elementor-element elementor-element-e2280ee elementor-invisible elementor-widget elementor-widget-elementskit-accordion\" data-id=\"e2280ee\" data-element_type=\"widget\" data-e-type=\"widget\" data-settings=\"{&quot;_animation&quot;:&quot;fadeInUp&quot;,&quot;_animation_delay&quot;:400}\" data-widget_type=\"elementskit-accordion.default\">\n\t\t\t\t\t<div class=\"ekit-wid-con\" >\n        <div class=\"elementskit-accordion accoedion-primary\" id=\"accordion-69e24dc6aec46\">\n\n            \n                <div class=\"elementskit-card \">\n                    <div class=\"elementskit-card-header\" id=\"primaryHeading-0-e2280ee\">\n                        <a href=\"#collapse-a6e330569e24dc6aec46\" class=\"ekit-accordion--toggler elementskit-btn-link collapsed\" data-ekit-toggle=\"collapse\" data-target=\"#Collapse-a6e330569e24dc6aec46\" aria-expanded=\"false\" aria-controls=\"Collapse-a6e330569e24dc6aec46\">\n                            \n                            <span class=\"ekit-accordion-title\">Czy program szkoleniowy jest dopasowany do naszej bran\u017cy?<\/span>\n\n                            \n                                <div class=\"ekit_accordion_icon_group\">\n                                    <div class=\"ekit_accordion_normal_icon\">\n                                        <!-- Normal Icon -->\n\t\t\t\t\t\t\t\t\t\t<i class=\"icon icon-plus\"><\/i>                                    <\/div>\n\n                                    <div class=\"ekit_accordion_active_icon\">\n                                        <!-- Active Icon -->\n\t\t\t\t\t\t\t\t\t\t<i class=\"icon icon-minus\"><\/i>                                    <\/div>\n                                <\/div>\n\n                            \n                                                    <\/a>\n                    <\/div>\n\n                    <div id=\"Collapse-a6e330569e24dc6aec46\" class=\" collapse\" aria-labelledby=\"primaryHeading-0-e2280ee\" data-parent=\"#accordion-69e24dc6aec46\">\n\n                        <div class=\"elementskit-card-body ekit-accordion--content\">\n                            <p>Tak. Ka\u017cdy projekt poprzedzamy analiz\u0105 potrzeb i cel\u00f3w biznesowych. Program tworzymy indywidualnie, uwzgl\u0119dniaj\u0105c specyfik\u0119 bran\u017cy oraz poziom kompetencji zespo\u0142u.<\/p>                        <\/div>\n\n                    <\/div>\n\n                <\/div><!-- .elementskit-card END -->\n\n                \n                <div class=\"elementskit-card \">\n                    <div class=\"elementskit-card-header\" id=\"primaryHeading-1-e2280ee\">\n                        <a href=\"#collapse-ed795eb69e24dc6aec46\" class=\"ekit-accordion--toggler elementskit-btn-link collapsed\" data-ekit-toggle=\"collapse\" data-target=\"#Collapse-ed795eb69e24dc6aec46\" aria-expanded=\"false\" aria-controls=\"Collapse-ed795eb69e24dc6aec46\">\n                            \n                            <span class=\"ekit-accordion-title\">W jakiej formie realizowane s\u0105 szkolenia?<\/span>\n\n                            \n                                <div class=\"ekit_accordion_icon_group\">\n                                    <div class=\"ekit_accordion_normal_icon\">\n                                        <!-- Normal Icon -->\n\t\t\t\t\t\t\t\t\t\t<i class=\"icon icon-plus\"><\/i>                                    <\/div>\n\n                                    <div class=\"ekit_accordion_active_icon\">\n                                        <!-- Active Icon -->\n\t\t\t\t\t\t\t\t\t\t<i class=\"icon icon-minus\"><\/i>                                    <\/div>\n                                <\/div>\n\n                            \n                                                    <\/a>\n                    <\/div>\n\n                    <div id=\"Collapse-ed795eb69e24dc6aec46\" class=\" collapse\" aria-labelledby=\"primaryHeading-1-e2280ee\" data-parent=\"#accordion-69e24dc6aec46\">\n\n                        <div class=\"elementskit-card-body ekit-accordion--content\">\n                            <p>Szkolenia prowadzimy stacjonarnie, online lub w modelu hybrydowym \u2014 w zale\u017cno\u015bci od potrzeb organizacji.<\/p>                        <\/div>\n\n                    <\/div>\n\n                <\/div><!-- .elementskit-card END -->\n\n                \n                <div class=\"elementskit-card \">\n                    <div class=\"elementskit-card-header\" id=\"primaryHeading-2-e2280ee\">\n                        <a href=\"#collapse-e752d5a69e24dc6aec46\" class=\"ekit-accordion--toggler elementskit-btn-link collapsed\" data-ekit-toggle=\"collapse\" data-target=\"#Collapse-e752d5a69e24dc6aec46\" aria-expanded=\"false\" aria-controls=\"Collapse-e752d5a69e24dc6aec46\">\n                            \n                            <span class=\"ekit-accordion-title\">Ile trwa program rozwojowy?<\/span>\n\n                            \n                                <div class=\"ekit_accordion_icon_group\">\n                                    <div class=\"ekit_accordion_normal_icon\">\n                                        <!-- Normal Icon -->\n\t\t\t\t\t\t\t\t\t\t<i class=\"icon icon-plus\"><\/i>                                    <\/div>\n\n                                    <div class=\"ekit_accordion_active_icon\">\n                                        <!-- Active Icon -->\n\t\t\t\t\t\t\t\t\t\t<i class=\"icon icon-minus\"><\/i>                                    <\/div>\n                                <\/div>\n\n                            \n                                                    <\/a>\n                    <\/div>\n\n                    <div id=\"Collapse-e752d5a69e24dc6aec46\" class=\" collapse\" aria-labelledby=\"primaryHeading-2-e2280ee\" data-parent=\"#accordion-69e24dc6aec46\">\n\n                        <div class=\"elementskit-card-body ekit-accordion--content\">\n                            <p>Czas trwania zale\u017cy od zakresu projektu. Warsztaty jednodniowe realizujemy w ci\u0105gu 1 dnia, natomiast programy rozwojowe mog\u0105 trwa\u0107 od 3 do 6 miesi\u0119cy.<\/p>                        <\/div>\n\n                    <\/div>\n\n                <\/div><!-- .elementskit-card END -->\n\n                \n                <div class=\"elementskit-card \">\n                    <div class=\"elementskit-card-header\" id=\"primaryHeading-3-e2280ee\">\n                        <a href=\"#collapse-20073e569e24dc6aec46\" class=\"ekit-accordion--toggler elementskit-btn-link collapsed\" data-ekit-toggle=\"collapse\" data-target=\"#Collapse-20073e569e24dc6aec46\" aria-expanded=\"false\" aria-controls=\"Collapse-20073e569e24dc6aec46\">\n                            \n                            <span class=\"ekit-accordion-title\">Jak mierzone s\u0105 efekty szkolenia?<\/span>\n\n                            \n                                <div class=\"ekit_accordion_icon_group\">\n                                    <div class=\"ekit_accordion_normal_icon\">\n                                        <!-- Normal Icon -->\n\t\t\t\t\t\t\t\t\t\t<i class=\"icon icon-plus\"><\/i>                                    <\/div>\n\n                                    <div class=\"ekit_accordion_active_icon\">\n                                        <!-- Active Icon -->\n\t\t\t\t\t\t\t\t\t\t<i class=\"icon icon-minus\"><\/i>                                    <\/div>\n                                <\/div>\n\n                            \n                                                    <\/a>\n                    <\/div>\n\n                    <div id=\"Collapse-20073e569e24dc6aec46\" class=\" collapse\" aria-labelledby=\"primaryHeading-3-e2280ee\" data-parent=\"#accordion-69e24dc6aec46\">\n\n                        <div class=\"elementskit-card-body ekit-accordion--content\">\n                            <p>Ustalamy konkretne cele i wska\u017aniki przed rozpocz\u0119ciem projektu. Po szkoleniu analizujemy post\u0119py oraz wspieramy wdro\u017cenie wypracowanych rozwi\u0105za\u0144.<\/p>                        <\/div>\n\n                    <\/div>\n\n                <\/div><!-- .elementskit-card END -->\n\n                \n                <div class=\"elementskit-card \">\n                    <div class=\"elementskit-card-header\" id=\"primaryHeading-4-e2280ee\">\n                        <a href=\"#collapse-9df296769e24dc6aec46\" class=\"ekit-accordion--toggler elementskit-btn-link collapsed\" data-ekit-toggle=\"collapse\" data-target=\"#Collapse-9df296769e24dc6aec46\" aria-expanded=\"false\" aria-controls=\"Collapse-9df296769e24dc6aec46\">\n                            \n                            <span class=\"ekit-accordion-title\">Czy pomagacie we wdro\u017ceniu po szkoleniu?<\/span>\n\n                            \n                                <div class=\"ekit_accordion_icon_group\">\n                                    <div class=\"ekit_accordion_normal_icon\">\n                                        <!-- Normal Icon -->\n\t\t\t\t\t\t\t\t\t\t<i class=\"icon icon-plus\"><\/i>                                    <\/div>\n\n                                    <div class=\"ekit_accordion_active_icon\">\n                                        <!-- Active Icon -->\n\t\t\t\t\t\t\t\t\t\t<i class=\"icon icon-minus\"><\/i>                                    <\/div>\n                                <\/div>\n\n                            \n                                                    <\/a>\n                    <\/div>\n\n                    <div id=\"Collapse-9df296769e24dc6aec46\" class=\" collapse\" aria-labelledby=\"primaryHeading-4-e2280ee\" data-parent=\"#accordion-69e24dc6aec46\">\n\n                        <div class=\"elementskit-card-body ekit-accordion--content\">\n                            <p>Tak. Wspieramy zespo\u0142y r\u00f3wnie\u017c po zako\u0144czeniu warsztat\u00f3w \u2014 poprzez konsultacje, sesje follow-up oraz rekomendacje dzia\u0142a\u0144 rozwojowych.<\/p>                        <\/div>\n\n                    <\/div>\n\n                <\/div><!-- .elementskit-card END -->\n\n                \n                <div class=\"elementskit-card \">\n                    <div class=\"elementskit-card-header\" id=\"primaryHeading-5-e2280ee\">\n                        <a href=\"#collapse-0440f7b69e24dc6aec46\" class=\"ekit-accordion--toggler elementskit-btn-link collapsed\" data-ekit-toggle=\"collapse\" data-target=\"#Collapse-0440f7b69e24dc6aec46\" aria-expanded=\"false\" aria-controls=\"Collapse-0440f7b69e24dc6aec46\">\n                            \n                            <span class=\"ekit-accordion-title\">Jak wygl\u0105da wycena?<\/span>\n\n                            \n                                <div class=\"ekit_accordion_icon_group\">\n                                    <div class=\"ekit_accordion_normal_icon\">\n                                        <!-- Normal Icon -->\n\t\t\t\t\t\t\t\t\t\t<i class=\"icon icon-plus\"><\/i>                                    <\/div>\n\n                                    <div class=\"ekit_accordion_active_icon\">\n                                        <!-- Active Icon -->\n\t\t\t\t\t\t\t\t\t\t<i class=\"icon icon-minus\"><\/i>                                    <\/div>\n                                <\/div>\n\n                            \n                                                    <\/a>\n                    <\/div>\n\n                    <div id=\"Collapse-0440f7b69e24dc6aec46\" class=\" collapse\" aria-labelledby=\"primaryHeading-5-e2280ee\" data-parent=\"#accordion-69e24dc6aec46\">\n\n                        <div class=\"elementskit-card-body ekit-accordion--content\">\n                            <p>Koszt programu zale\u017cy od liczby uczestnik\u00f3w, zakresu szkolenia oraz formy realizacji. Po bezp\u0142atnej konsultacji przygotowujemy indywidualn\u0105 ofert\u0119.<\/p>                        <\/div>\n\n                    <\/div>\n\n                <\/div><!-- .elementskit-card END -->\n\n                \n                <div class=\"elementskit-card \">\n                    <div class=\"elementskit-card-header\" id=\"primaryHeading-6-e2280ee\">\n                        <a href=\"#collapse-998b89569e24dc6aec46\" class=\"ekit-accordion--toggler elementskit-btn-link collapsed\" data-ekit-toggle=\"collapse\" data-target=\"#Collapse-998b89569e24dc6aec46\" aria-expanded=\"false\" aria-controls=\"Collapse-998b89569e24dc6aec46\">\n                            \n                            <span class=\"ekit-accordion-title\">Nie znalaz\u0142e\u015b odpowiedzi na swoje pytanie?<\/span>\n\n                            \n                                <div class=\"ekit_accordion_icon_group\">\n                                    <div class=\"ekit_accordion_normal_icon\">\n                                        <!-- Normal Icon -->\n\t\t\t\t\t\t\t\t\t\t<i class=\"icon icon-plus\"><\/i>                                    <\/div>\n\n                                    <div class=\"ekit_accordion_active_icon\">\n                                        <!-- Active Icon -->\n\t\t\t\t\t\t\t\t\t\t<i class=\"icon icon-minus\"><\/i>                                    <\/div>\n                                <\/div>\n\n                            \n                                                    <\/a>\n                    <\/div>\n\n                    <div id=\"Collapse-998b89569e24dc6aec46\" class=\" collapse\" aria-labelledby=\"primaryHeading-6-e2280ee\" data-parent=\"#accordion-69e24dc6aec46\">\n\n                        <div class=\"elementskit-card-body ekit-accordion--content\">\n                            <p>Um\u00f3w bezp\u0142atn\u0105 konsultacj\u0119 i porozmawiajmy o potrzebach Twojej organizacji.<\/p>                        <\/div>\n\n                    <\/div>\n\n                <\/div><!-- .elementskit-card END -->\n\n                                        <\/div>\n    <\/div>\t\t\t\t<\/div>\n\t\t\t\t<div class=\"elementor-element elementor-element-de13be8 elementor-align-center elementor-invisible elementor-widget elementor-widget-button\" data-id=\"de13be8\" data-element_type=\"widget\" data-e-type=\"widget\" data-settings=\"{&quot;_animation&quot;:&quot;fadeInUp&quot;,&quot;_animation_delay&quot;:600}\" data-widget_type=\"button.default\">\n\t\t\t\t\t\t\t\t\t\t<a class=\"elementor-button elementor-button-link elementor-size-sm\" href=\"#elementor-action%3Aaction%3Dpopup%3Aopen%26settings%3DeyJpZCI6IjI1NDMiLCJ0b2dnbGUiOmZhbHNlfQ%3D%3D\">\n\t\t\t\t\t\t<span class=\"elementor-button-content-wrapper\">\n\t\t\t\t\t\t\t\t\t<span class=\"elementor-button-text\">Um\u00f3w bezp\u0142atn\u0105 konsultacj\u0119<\/span>\n\t\t\t\t\t<\/span>\n\t\t\t\t\t<\/a>\n\t\t\t\t\t\t\t\t<\/div>\n\t\t\t\t<\/div>\n\t\t\t\t\t<\/div>\n\t\t\t\t<\/div>\n\t\t\t\t<\/div>\n\t\t","protected":false},"excerpt":{"rendered":"<p>Faq Strona g\u0142\u00f3wna Faq FAQ Najcz\u0119\u015bciej zadawane pytania Czy program szkoleniowy jest dopasowany do naszej bran\u017cy? Tak. Ka\u017cdy projekt poprzedzamy [&hellip;]<\/p>\n","protected":false},"author":1,"featured_media":0,"parent":0,"menu_order":0,"comment_status":"closed","ping_status":"closed","template":"","meta":{"site-sidebar-layout":"no-sidebar","site-content-layout":"","ast-site-content-layout":"full-width-container","site-content-style":"default","site-sidebar-style":"default","ast-global-header-display":"","ast-banner-title-visibility":"","ast-main-header-display":"","ast-hfb-above-header-display":"","ast-hfb-below-header-display":"","ast-hfb-mobile-header-display":"","site-post-title":"disabled","ast-breadcrumbs-content":"","ast-featured-img":"disabled","footer-sml-layout":"","theme-transparent-header-meta":"","adv-header-id-meta":"","stick-header-meta":"","header-above-stick-meta":"","header-main-stick-meta":"","header-below-stick-meta":"","astra-migrate-meta-layouts":"default","ast-page-background-enabled":"default","ast-page-background-meta":{"desktop":{"background-color":"var(--ast-global-color-5)","background-image":"","background-repeat":"repeat","background-position":"center center","background-size":"auto","background-attachment":"scroll","background-type":"","background-media":"","overlay-type":"","overlay-color":"","overlay-opacity":"","overlay-gradient":""},"tablet":{"background-color":"","background-image":"","background-repeat":"repeat","background-position":"center center","background-size":"auto","background-attachment":"scroll","background-type":"","background-media":"","overlay-type":"","overlay-color":"","overlay-opacity":"","overlay-gradient":""},"mobile":{"background-color":"","background-image":"","background-repeat":"repeat","background-position":"center center","background-size":"auto","background-attachment":"scroll","background-type":"","background-media":"","overlay-type":"","overlay-color":"","overlay-opacity":"","overlay-gradient":""}},"ast-content-background-meta":{"desktop":{"background-color":"var(--ast-global-color-4)","background-image":"","background-repeat":"repeat","background-position":"center center","background-size":"auto","background-attachment":"scroll","background-type":"","background-media":"","overlay-type":"","overlay-color":"","overlay-opacity":"","overlay-gradient":""},"tablet":{"background-color":"var(--ast-global-color-4)","background-image":"","background-repeat":"repeat","background-position":"center center","background-size":"auto","background-attachment":"scroll","background-type":"","background-media":"","overlay-type":"","overlay-color":"","overlay-opacity":"","overlay-gradient":""},"mobile":{"background-color":"var(--ast-global-color-4)","background-image":"","background-repeat":"repeat","background-position":"center center","background-size":"auto","background-attachment":"scroll","background-type":"","background-media":"","overlay-type":"","overlay-color":"","overlay-opacity":"","overlay-gradient":""}},"footnotes":""},"class_list":["post-1481","page","type-page","status-publish","hentry"],"_links":{"self":[{"href":"https:\/\/akademiarozwojukadry.adamdziechcinski.pl\/index.php?rest_route=\/wp\/v2\/pages\/1481","targetHints":{"allow":["GET"]}}],"collection":[{"href":"https:\/\/akademiarozwojukadry.adamdziechcinski.pl\/index.php?rest_route=\/wp\/v2\/pages"}],"about":[{"href":"https:\/\/akademiarozwojukadry.adamdziechcinski.pl\/index.php?rest_route=\/wp\/v2\/types\/page"}],"author":[{"embeddable":true,"href":"https:\/\/akademiarozwojukadry.adamdziechcinski.pl\/index.php?rest_route=\/wp\/v2\/users\/1"}],"replies":[{"embeddable":true,"href":"https:\/\/akademiarozwojukadry.adamdziechcinski.pl\/index.php?rest_route=%2Fwp%2Fv2%2Fcomments&post=1481"}],"version-history":[{"count":5,"href":"https:\/\/akademiarozwojukadry.adamdziechcinski.pl\/index.php?rest_route=\/wp\/v2\/pages\/1481\/revisions"}],"predecessor-version":[{"id":2714,"href":"https:\/\/akademiarozwojukadry.adamdziechcinski.pl\/index.php?rest_route=\/wp\/v2\/pages\/1481\/revisions\/2714"}],"wp:attachment":[{"href":"https:\/\/akademiarozwojukadry.adamdziechcinski.pl\/index.php?rest_route=%2Fwp%2Fv2%2Fmedia&parent=1481"}],"curies":[{"name":"wp","href":"https:\/\/api.w.org\/{rel}","templated":true}]}}